{"id":3333,"date":"2024-12-17T20:05:46","date_gmt":"2024-12-17T19:05:46","guid":{"rendered":"https:\/\/www.alejazda.info\/?page_id=3333"},"modified":"2025-08-30T09:47:17","modified_gmt":"2025-08-30T07:47:17","slug":"cennik","status":"publish","type":"page","link":"https:\/\/www.alejazda.info\/?page_id=3333","title":{"rendered":"Cennik"},"content":{"rendered":"\t\t<div data-elementor-type=\"wp-page\" data-elementor-id=\"3333\" class=\"elementor elementor-3333\" data-elementor-post-type=\"page\">\n\t\t\t\t\t\t<section class=\"elementor-section elementor-top-section elementor-element elementor-element-2f89803 elementor-section-full_width elementor-section-height-default elementor-section-height-default\" data-id=\"2f89803\" data-element_type=\"section\" data-settings=\"{&quot;background_background&quot;:&quot;classic&quot;}\">\n\t\t\t\t\t\t<div class=\"elementor-container elementor-column-gap-no\">\n\t\t\t\t\t<div class=\"elementor-column elementor-col-100 elementor-top-column elementor-element elementor-element-6cfecb6\" data-id=\"6cfecb6\" data-element_type=\"column\">\n\t\t\t<div class=\"elementor-widget-wrap elementor-element-populated\">\n\t\t\t\t\t\t<div class=\"shape-mockup elementor-element elementor-element-19ee62b elementor-widget elementor-widget-drideshapeimage\" data-id=\"19ee62b\" data-element_type=\"widget\" data-widget_type=\"drideshapeimage.default\">\n\t\t\t\t<div class=\"elementor-widget-container\">\n\t\t\t<!-- Image --><div class=\"shape-mockup   \" data-bottom=\"0.01%\" data-left=\"0.01%\"><img decoding=\"async\" src=\"https:\/\/themeholy.com\/wordpress\/dride\/wp-content\/uploads\/2023\/05\/block_1.png\" alt=\"alejazda.info\" ><\/div><!-- End Image -->\t\t<\/div>\n\t\t\t\t<\/div>\n\t\t\t\t<div class=\"shape-mockup elementor-element elementor-element-497dec7 elementor-widget elementor-widget-drideshapeimage\" data-id=\"497dec7\" data-element_type=\"widget\" data-widget_type=\"drideshapeimage.default\">\n\t\t\t\t<div class=\"elementor-widget-container\">\n\t\t\t<!-- Image --><div class=\"shape-mockup  \" data-bottom=\"0.01%\" data-right=\"0.01%\"><img decoding=\"async\" src=\"https:\/\/themeholy.com\/wordpress\/dride\/wp-content\/uploads\/2023\/05\/light_1.png\" alt=\"alejazda.info\" ><\/div><!-- End Image -->\t\t<\/div>\n\t\t\t\t<\/div>\n\t\t\t\t<div class=\"shape-mockup elementor-element elementor-element-a27909e elementor-widget elementor-widget-drideshapeimage\" data-id=\"a27909e\" data-element_type=\"widget\" data-widget_type=\"drideshapeimage.default\">\n\t\t\t\t<div class=\"elementor-widget-container\">\n\t\t\t<!-- Image --><div class=\"shape-mockup movingCar \" data-bottom=\"0.01%\" data-right=\"3.5%\"><img decoding=\"async\" src=\"https:\/\/themeholy.com\/wordpress\/dride\/wp-content\/uploads\/2023\/05\/car_1.png\" alt=\"alejazda.info\" ><\/div><!-- End Image -->\t\t<\/div>\n\t\t\t\t<\/div>\n\t\t\t\t<section class=\"elementor-section elementor-inner-section elementor-element elementor-element-bad22ca elementor-section-boxed elementor-section-height-default elementor-section-height-default\" data-id=\"bad22ca\" data-element_type=\"section\" id=\"cennik\">\n\t\t\t\t\t\t<div class=\"elementor-container elementor-column-gap-no\">\n\t\t\t\t\t<div class=\"elementor-column elementor-col-100 elementor-inner-column elementor-element elementor-element-14d9301\" data-id=\"14d9301\" data-element_type=\"column\">\n\t\t\t<div class=\"elementor-widget-wrap elementor-element-populated\">\n\t\t\t\t\t\t<div class=\"elementor-element elementor-element-d1d766f elementor-widget elementor-widget-dridesectiontitle\" data-id=\"d1d766f\" data-element_type=\"widget\" data-widget_type=\"dridesectiontitle.default\">\n\t\t\t\t<div class=\"elementor-widget-container\">\n\t\t\t<div class=\"title-area-wrap\"><div class=\"title-area\" ><span class=\"sub-title subtitle-selector\">Cennik<\/span><h2 class=\"sec-title title-selector\">Atrakcyjne ceny kurs\u00f3w i jazd doszkalaj\u0105cych. Wybierz pakiet dopasowany do siebie. ruszaj w drog\u0119 z \"Ale Jazda\"!<\/h2><\/div><\/div>\t\t<\/div>\n\t\t\t\t<\/div>\n\t\t\t\t<div class=\"elementor-element elementor-element-cca86f5 elementor-widget elementor-widget-dridecourse\" data-id=\"cca86f5\" data-element_type=\"widget\" data-widget_type=\"dridecourse.default\">\n\t\t\t\t<div class=\"elementor-widget-container\">\n\t\t\t<div class=\"course_2 arrow-wrap\"><div data-arrows=\"true\" class=\"row slider-shadow th-carousel\" data-slide-show=\"1\" data-lg-slide-show=\"1\" data-md-slide-show=\"1\" data-sm-slide-show=\"1\"><div class=\"col-12\"><div class=\"course-card style2\"><div class=\"course-card_img\"><img decoding=\"async\" src=\"https:\/\/www.alejazda.info\/wp-content\/uploads\/2024\/12\/kurskatb2.png\" alt=\"kurskatb2\"  \/><\/div><div class=\"course-card_content\"><div class=\"price-wrap\"><span class=\"price\">3300 z\u0142<\/span><\/div><h3 class=\"box-title\"><a href=\"#kontakt\">Kurs kat. B<\/a><\/h3><p class=\"course-card_text\">Pe\u0142ny kurs obejmuj\u0105cy 30 godzin teorii i 30 godzin jazd praktycznych. Przygotowujemy Ci\u0119 kompleksowo do egzaminu na prawo jazdy, zapewniaj\u0105c profesjonalne wsparcie na ka\u017cdym etapie nauki.<\/p><div class=\"course-meta\"><div class=\"meta-box\"><div class=\"avater\"><img decoding=\"async\" src=\"https:\/\/www.alejazda.info\/wp-content\/uploads\/2024\/12\/mini-2.png\" alt=\"mini 2\"  \/><\/div><div class=\"media-body\"><h6 class=\"title\">Janusz Ostrowski<\/h6><span class=\"info\">Instruktor<\/span><\/div><\/div><div class=\"meta-box\"><div class=\"icon\"><i class=\"fal fa-clock\"><\/i><\/div><div class=\"media-body\"><h6 class=\"title\">Czas trwania<\/h6><span class=\"info\">8 tyg.<\/span><\/div><\/div><\/div><div><a href=\"#kontakt\" class=\"th-btn\">Dowiedz si\u0119 wi\u0119cej<i class=\"fas fa-arrow-right ms-2\"><\/i><\/a><\/div><\/div><\/div><\/div><\/div><\/div>\t\t<\/div>\n\t\t\t\t<\/div>\n\t\t\t\t<div class=\"elementor-element elementor-element-8305a53 elementor-widget elementor-widget-dridepricing\" data-id=\"8305a53\" data-element_type=\"widget\" data-widget_type=\"dridepricing.default\">\n\t\t\t\t<div class=\"elementor-widget-container\">\n\t\t\t<div class=\"row gy-4 justify-content-center\"><div class=\"col-lg-4 col-md-6\"><div class=\"price-card \"><h3 class=\"box-title\">Pe\u0142ne przygotowanie teoretyczne<\/h3><p class=\"price-card_text\">Solidna wiedza to fundament bezpiecznej jazdy!<\/p><div class=\"price-card_content\"><ul><li>30 godzin wyk\u0142ad\u00f3w z zasad ruchu drogowego.<\/li><li>Dost\u0119p do podr\u0119cznik\u00f3w i test\u00f3w online.<\/li><li>Szczeg\u00f3\u0142owe om\u00f3wienie znak\u00f3w drogowych.<\/li><li>Przyk\u0142adowe pytania z egzaminu teoretycznego.<\/li><li>Pomoc w zrozumieniu trudniejszych zagadnie\u0144.<\/li><\/ul><\/div><\/div><\/div><div class=\"col-lg-4 col-md-6\"><div class=\"price-card \"><h3 class=\"box-title\">Pe\u0142ne przygotowanie praktyczne<\/h3><p class=\"price-card_text\">Za k\u00f3\u0142kiem poczujesz si\u0119 pewnie - jak w domu!<\/p><div class=\"price-card_content\"><ul>\n \t<li>30 godzin jazd z do\u015bwiadczonym instruktorem.<\/li>\n \t<li>\u0106wiczenie parkowania, ruszania pod g\u00f3r\u0119 i zawracania.<\/li>\n \t<li>Nauka poruszania si\u0119 po ruchliwych drogach.<\/li>\n \t<li>Szczeg\u00f3\u0142owa analiza pope\u0142nianych b\u0142\u0119d\u00f3w.<\/li>\n \t<li><b>Nauka jazdy, nie tylko pod egzamin pa\u0144stwowy!<\/b><\/li>\n<\/ul><a href=\"https:\/\/www.alejazda.info\/#kontakt\" class=\"th-btn\">KONTAKT<i class=\"fas fa-arrow-right ms-2\"><\/i><\/a><\/div><\/div><\/div><div class=\"col-lg-4 col-md-6\"><div class=\"price-card \"><h3 class=\"box-title\">Wsparcie przed egzaminem<\/h3><p class=\"price-card_text\">Egzamin to tylko formalno\u015b\u0107, gdy jeste\u015b dobrze przygotowany!<\/p><div class=\"price-card_content\"><ul><li>Egzamin wewn\u0119trzny z cz\u0119\u015bci teoretycznej i praktycznej.<\/li><li>Wsparcie przy formalno\u015bciach zwi\u0105zanych z PKK.<\/li><li>Praktyczne porady przed podej\u015bciem do egzaminu i przysz\u0142\u0105 jazd\u0105.<\/li><li>Budowanie pewno\u015bci siebie za kierownic\u0105.<\/li><li>Du\u017cy nacisk na aspekt psychologii transportu.<\/li><\/ul><\/div><\/div><\/div><\/div>\t\t<\/div>\n\t\t\t\t<\/div>\n\t\t\t\t<div class=\"elementor-element elementor-element-0500c9e elementor-widget elementor-widget-dridecourse\" data-id=\"0500c9e\" data-element_type=\"widget\" data-widget_type=\"dridecourse.default\">\n\t\t\t\t<div class=\"elementor-widget-container\">\n\t\t\t<div class=\"course_2 arrow-wrap\"><div data-arrows=\"true\" class=\"row slider-shadow th-carousel\" data-slide-show=\"1\" data-lg-slide-show=\"1\" data-md-slide-show=\"1\" data-sm-slide-show=\"1\"><div class=\"col-12\"><div class=\"course-card style2\"><div class=\"course-card_img\"><img decoding=\"async\" src=\"https:\/\/www.alejazda.info\/wp-content\/uploads\/2024\/12\/jazdy2.png\" alt=\"jazdy2\"  \/><\/div><div class=\"course-card_content\"><div class=\"price-wrap\"><span class=\"price\">100 z\u0142<\/span><\/div><h3 class=\"box-title\"><a href=\"#kontakt\">Jazdy doszkalaj\u0105ce<\/a><\/h3><p class=\"course-card_text\">Indywidualne lekcje z do\u015bwiadczonym instruktorem, idealne przed egzaminem lub do od\u015bwie\u017cenia umiej\u0119tno\u015bci. Dopasowujemy program do Twoich potrzeb.<\/p><div class=\"course-meta\"><div class=\"meta-box\"><div class=\"avater\"><img decoding=\"async\" src=\"https:\/\/www.alejazda.info\/wp-content\/uploads\/2024\/12\/mini-2.png\" alt=\"mini 2\"  \/><\/div><div class=\"media-body\"><h6 class=\"title\">Janusz Ostrowski<\/h6><span class=\"info\">Instruktor<\/span><\/div><\/div><div class=\"meta-box\"><div class=\"icon\"><i class=\"fal fa-clock\"><\/i><\/div><div class=\"media-body\"><h6 class=\"title\">Czas trwania<\/h6><span class=\"info\">1 godz.<\/span><\/div><\/div><\/div><div><a href=\"#kontakt\" class=\"th-btn\">Dowiedz si\u0119 wi\u0119cej<i class=\"fas fa-arrow-right ms-2\"><\/i><\/a><\/div><\/div><\/div><\/div><\/div><\/div>\t\t<\/div>\n\t\t\t\t<\/div>\n\t\t\t\t<div class=\"elementor-element elementor-element-84e4202 elementor-widget elementor-widget-dridepricing\" data-id=\"84e4202\" data-element_type=\"widget\" data-widget_type=\"dridepricing.default\">\n\t\t\t\t<div class=\"elementor-widget-container\">\n\t\t\t<div class=\"row gy-4 justify-content-center\"><div class=\"col-lg-4 col-md-6\"><div class=\"price-card \"><h3 class=\"box-title\">Indywidualne podej\u015bcie do kursanta<\/h3><p class=\"price-card_text\">Dostosowane do Twoich potrzeb.<\/p><div class=\"price-card_content\"><ul><li>Program jazd skupiony na Twoich brakach.<\/li><li>Pomoc w opanowaniu trudnych manewr\u00f3w.<\/li><li>Jazdy dostosowane do Twojego tempa nauki.<\/li><li>\u0106wiczenia element\u00f3w, kt\u00f3re sprawiaj\u0105 trudno\u015bci.<\/li><li>Elastyczne terminy dopasowane do Twojego grafiku.<\/li><\/ul><\/div><\/div><\/div><div class=\"col-lg-4 col-md-6\"><div class=\"price-card \"><h3 class=\"box-title\">Przygotowanie do egzaminu pa\u0144stwowego<\/h3><p class=\"price-card_text\">Perfekcyjna powt\u00f3rka przed testem.<\/p><div class=\"price-card_content\"><ul><li>Symulacja egzaminu na trasach egzaminacyjnych.<\/li><li>Poprawa techniki parkowania i ruszania na wzniesieniu.<\/li><li>Nauka reakcji w niespodziewanych sytuacjach drogowych.<\/li><li>Analiza i eliminacja powtarzanych b\u0142\u0119d\u00f3w.<\/li><li>Praktyczne wskaz\u00f3wki do jazdy samochodem.<\/li><\/ul><a href=\"https:\/\/www.alejazda.info\/#kontakt\" class=\"th-btn\">KONTAKT<i class=\"fas fa-arrow-right ms-2\"><\/i><\/a><\/div><\/div><\/div><div class=\"col-lg-4 col-md-6\"><div class=\"price-card \"><h3 class=\"box-title\">Od\u015bwie\u017cenie umiej\u0119tno\u015bci za kierownic\u0105<\/h3><p class=\"price-card_text\">Pewno\u015b\u0107 jazdy po d\u0142u\u017cszej przerwie.<\/p><div class=\"price-card_content\"><ul><li>Doskonalenie p\u0142ynnej i bezpiecznej jazdy w mie\u015bcie.<\/li><li>\u0106wiczenia parkowania i manewrowania na placu.<\/li><li>Nauka jazdy po trasach szybkiego ruchu.<\/li><li>Eliminacja z\u0142ych nawyk\u00f3w za kierownic\u0105.<\/li><li>Zbudowanie pewno\u015bci siebie w codziennej je\u017adzie.<\/li><\/ul><\/div><\/div><\/div><\/div>\t\t<\/div>\n\t\t\t\t<\/div>\n\t\t\t\t\t<\/div>\n\t\t<\/div>\n\t\t\t\t\t<\/div>\n\t\t<\/section>\n\t\t\t\t\t<\/div>\n\t\t<\/div>\n\t\t\t\t\t<\/div>\n\t\t<\/section>\n\t\t\t\t<section class=\"elementor-section elementor-top-section elementor-element elementor-element-2995835 elementor-section-boxed elementor-section-height-default elementor-section-height-default\" data-id=\"2995835\" data-element_type=\"section\" data-settings=\"{&quot;background_background&quot;:&quot;classic&quot;}\">\n\t\t\t\t\t\t<div class=\"elementor-container elementor-column-gap-default\">\n\t\t\t\t\t<div class=\"elementor-column elementor-col-100 elementor-top-column elementor-element elementor-element-c66994a\" data-id=\"c66994a\" data-element_type=\"column\">\n\t\t\t<div class=\"elementor-widget-wrap elementor-element-populated\">\n\t\t\t\t\t\t<div class=\"elementor-element elementor-element-792fb72 elementor-widget elementor-widget-dridesectiontitle\" data-id=\"792fb72\" data-element_type=\"widget\" data-widget_type=\"dridesectiontitle.default\">\n\t\t\t\t<div class=\"elementor-widget-container\">\n\t\t\t<div class=\"title-area-wrap\"><div class=\"title-area\" ><span class=\"sub-title subtitle-selector\">Blog<\/span><h2 class=\"sec-title title-selector\">Blog Ale Jazda \u2013 Twoja dawka wiedzy i porad za kierownic\u0105!<\/h2><\/div><\/div>\t\t<\/div>\n\t\t\t\t<\/div>\n\t\t\t\t<div class=\"elementor-element elementor-element-bb36b45 elementor-widget elementor-widget-drideblogpost\" data-id=\"bb36b45\" data-element_type=\"widget\" data-widget_type=\"drideblogpost.default\">\n\t\t\t\t<div class=\"elementor-widget-container\">\n\t\t\t<div class=\"row slider-shadow th-carousel\" data-slide-show=\"3\" data-lg-slide-show=\"2\" data-md-slide-show=\"2\" data-sm-slide-show=\"1\" data-arrows=\"1\"><div class=\"col-md-6 col-xl-4\"><div class=\"blog-card style2\"><div class=\"blog-img\"><\/div><div class=\"content-wrap\"><div class=\"media-body\"><div class=\"blog-meta\"><a href=\"https:\/\/www.alejazda.info\/?author=3\"><i class=\"fas fa-user\"><\/i>By Janusz Ostrowski<\/a><a class=\"blog-date\" href=\"https:\/\/www.alejazda.info\/?m=20241217\"><i class=\"fas fa-calendar-days\"><\/i>17 grudnia, 2024<\/a><\/div><div class=\"content\"><h3 class=\"box-title\"><a href=\"https:\/\/www.alejazda.info\/?p=37\">Czy prawo jazdy zmienia \u017cycie?<\/a><\/h3><p class=\"box-text\">Czy prawo jazdy naprawd\u0119 zmienia \u017cycie? O korzy\u015bciach z niezale\u017cno\u015bci za kierownic\u0105 Prawo jazdy to nie tylko plastikowy dokument \u2013<\/p><\/div><\/div><div class=\"box-btn\"><a href=\"https:\/\/www.alejazda.info\/?p=37\" class=\"line-btn\">Czytaj wi\u0119cej<i class=\"fas fa-arrow-down\"><\/i><\/a><\/div><\/div><\/div><\/div><div class=\"col-md-6 col-xl-4\"><div class=\"blog-card style2\"><div class=\"blog-img\"><\/div><div class=\"content-wrap\"><div class=\"media-body\"><div class=\"blog-meta\"><a href=\"https:\/\/www.alejazda.info\/?author=3\"><i class=\"fas fa-user\"><\/i>By Janusz Ostrowski<\/a><a class=\"blog-date\" href=\"https:\/\/www.alejazda.info\/?m=20241217\"><i class=\"fas fa-calendar-days\"><\/i>17 grudnia, 2024<\/a><\/div><div class=\"content\"><h3 class=\"box-title\"><a href=\"https:\/\/www.alejazda.info\/?p=39\">Co wyr\u00f3\u017cnia szko\u0142\u0119 &#8216;Ale Jazda&#8217;<\/a><\/h3><p class=\"box-text\">1. Indywidualne podej\u015bcie do kursanta W &quot;Ale Jazda&quot; rozumiemy, \u017ce ka\u017cdy kursant jest inny \u2013 jedni szybko przyswajaj\u0105 teori\u0119, inni<\/p><\/div><\/div><div class=\"box-btn\"><a href=\"https:\/\/www.alejazda.info\/?p=39\" class=\"line-btn\">Czytaj wi\u0119cej<i class=\"fas fa-arrow-down\"><\/i><\/a><\/div><\/div><\/div><\/div><div class=\"col-md-6 col-xl-4\"><div class=\"blog-card style2\"><div class=\"blog-img\"><\/div><div class=\"content-wrap\"><div class=\"media-body\"><div class=\"blog-meta\"><a href=\"https:\/\/www.alejazda.info\/?author=3\"><i class=\"fas fa-user\"><\/i>By Janusz Ostrowski<\/a><a class=\"blog-date\" href=\"https:\/\/www.alejazda.info\/?m=20241217\"><i class=\"fas fa-calendar-days\"><\/i>17 grudnia, 2024<\/a><\/div><div class=\"content\"><h3 class=\"box-title\"><a href=\"https:\/\/www.alejazda.info\/?p=41\">W szkole &#8216;Ale Jazda\u2019 wyje\u017cd\u017camy<\/a><\/h3><p class=\"box-text\">Wyjazd na autostrad\u0119 podczas kursu prawa jazdy to ekscytuj\u0105cy i wa\u017cny krok w nauce jazdy. Uczniowie maj\u0105 okazj\u0119 poczu\u0107 si\u0119<\/p><\/div><\/div><div class=\"box-btn\"><a href=\"https:\/\/www.alejazda.info\/?p=41\" class=\"line-btn\">Czytaj wi\u0119cej<i class=\"fas fa-arrow-down\"><\/i><\/a><\/div><\/div><\/div><\/div><\/div>\t\t<\/div>\n\t\t\t\t<\/div>\n\t\t\t\t\t<\/div>\n\t\t<\/div>\n\t\t\t\t\t<\/div>\n\t\t<\/section>\n\t\t\t\t<section class=\"elementor-section elementor-top-section elementor-element elementor-element-579ea25 ps2id elementor-section-boxed elementor-section-height-default elementor-section-height-default\" data-id=\"579ea25\" data-element_type=\"section\" data-settings=\"{&quot;background_background&quot;:&quot;classic&quot;,&quot;motion_fx_motion_fx_scrolling&quot;:&quot;yes&quot;,&quot;motion_fx_devices&quot;:[&quot;desktop&quot;,&quot;tablet&quot;,&quot;mobile&quot;]}\">\n\t\t\t\t\t\t<div class=\"elementor-container elementor-column-gap-default\">\n\t\t\t\t\t<div class=\"elementor-column elementor-col-100 elementor-top-column elementor-element elementor-element-155732f\" data-id=\"155732f\" data-element_type=\"column\">\n\t\t\t<div class=\"elementor-widget-wrap elementor-element-populated\">\n\t\t\t\t\t\t<div class=\"elementor-element elementor-element-662ae84 elementor-widget elementor-widget-dridesectiontitle\" data-id=\"662ae84\" data-element_type=\"widget\" data-widget_type=\"dridesectiontitle.default\">\n\t\t\t\t<div class=\"elementor-widget-container\">\n\t\t\t<div class=\"title-area-wrap\"><div class=\"title-area\" ><span class=\"sub-title subtitle-selector\">Kontakt<\/span><h2 class=\"sec-title title-selector\">Skontaktuj si\u0119, aby zapisa\u0107 si\u0119 na kurs, zada\u0107 pytania lub uzyska\u0107 wi\u0119cej informacji. \nJestem do Twojej dyspozycji!<\/h2><\/div><\/div>\t\t<\/div>\n\t\t\t\t<\/div>\n\t\t<div class=\"elementor-element elementor-element-fefb8d1 e-grid e-con-boxed e-con e-parent\" data-id=\"fefb8d1\" data-element_type=\"container\">\n\t\t\t\t\t<div class=\"e-con-inner\">\n\t\t\t\t<div class=\"elementor-element elementor-element-b47eee5 elementor-view-default elementor-position-top elementor-mobile-position-top elementor-widget elementor-widget-icon-box\" data-id=\"b47eee5\" data-element_type=\"widget\" data-widget_type=\"icon-box.default\">\n\t\t\t\t<div class=\"elementor-widget-container\">\n\t\t\t\t\t<div class=\"elementor-icon-box-wrapper\">\n\n\t\t\t\t\t\t<div class=\"elementor-icon-box-icon\">\n\t\t\t\t<span  class=\"elementor-icon elementor-animation-\">\n\t\t\t\t<i aria-hidden=\"true\" class=\"fas fa-location-arrow\"><\/i>\t\t\t\t<\/span>\n\t\t\t<\/div>\n\t\t\t\n\t\t\t\t\t\t<div class=\"elementor-icon-box-content\">\n\n\t\t\t\t\t\t\t\t\t<h3 class=\"elementor-icon-box-title\">\n\t\t\t\t\t\t<span  >\n\t\t\t\t\t\t\tLokalizacja\t\t\t\t\t\t<\/span>\n\t\t\t\t\t<\/h3>\n\t\t\t\t\n\t\t\t\t\t\t\t\t\t<p class=\"elementor-icon-box-description\">\n\t\t\t\t\t\tW\u0142oc\u0142awek i okolice\t\t\t\t\t<\/p>\n\t\t\t\t\n\t\t\t<\/div>\n\t\t\t\n\t\t<\/div>\n\t\t\t\t<\/div>\n\t\t\t\t<\/div>\n\t\t\t\t<div class=\"elementor-element elementor-element-aaeff9c elementor-view-default elementor-position-top elementor-mobile-position-top elementor-widget elementor-widget-icon-box\" data-id=\"aaeff9c\" data-element_type=\"widget\" data-widget_type=\"icon-box.default\">\n\t\t\t\t<div class=\"elementor-widget-container\">\n\t\t\t\t\t<div class=\"elementor-icon-box-wrapper\">\n\n\t\t\t\t\t\t<div class=\"elementor-icon-box-icon\">\n\t\t\t\t<span  class=\"elementor-icon elementor-animation-\">\n\t\t\t\t<i aria-hidden=\"true\" class=\"fas fa-phone-alt\"><\/i>\t\t\t\t<\/span>\n\t\t\t<\/div>\n\t\t\t\n\t\t\t\t\t\t<div class=\"elementor-icon-box-content\">\n\n\t\t\t\t\t\t\t\t\t<h3 class=\"elementor-icon-box-title\">\n\t\t\t\t\t\t<span  >\n\t\t\t\t\t\t\tNumer telefonu\t\t\t\t\t\t<\/span>\n\t\t\t\t\t<\/h3>\n\t\t\t\t\n\t\t\t\t\t\t\t\t\t<p class=\"elementor-icon-box-description\">\n\t\t\t\t\t\t+48 664 428 844\t\t\t\t\t<\/p>\n\t\t\t\t\n\t\t\t<\/div>\n\t\t\t\n\t\t<\/div>\n\t\t\t\t<\/div>\n\t\t\t\t<\/div>\n\t\t\t\t<div class=\"elementor-element elementor-element-d02e219 elementor-view-default elementor-position-top elementor-mobile-position-top elementor-widget elementor-widget-icon-box\" data-id=\"d02e219\" data-element_type=\"widget\" data-widget_type=\"icon-box.default\">\n\t\t\t\t<div class=\"elementor-widget-container\">\n\t\t\t\t\t<div class=\"elementor-icon-box-wrapper\">\n\n\t\t\t\t\t\t<div class=\"elementor-icon-box-icon\">\n\t\t\t\t<span  class=\"elementor-icon elementor-animation-\">\n\t\t\t\t<i aria-hidden=\"true\" class=\"fas fa-mail-bulk\"><\/i>\t\t\t\t<\/span>\n\t\t\t<\/div>\n\t\t\t\n\t\t\t\t\t\t<div class=\"elementor-icon-box-content\">\n\n\t\t\t\t\t\t\t\t\t<h3 class=\"elementor-icon-box-title\">\n\t\t\t\t\t\t<span  >\n\t\t\t\t\t\t\tAdres E-Mail\t\t\t\t\t\t<\/span>\n\t\t\t\t\t<\/h3>\n\t\t\t\t\n\t\t\t\t\t\t\t\t\t<p class=\"elementor-icon-box-description\">\n\t\t\t\t\t\tkontakt@www.alejazda.info\t\t\t\t\t<\/p>\n\t\t\t\t\n\t\t\t<\/div>\n\t\t\t\n\t\t<\/div>\n\t\t\t\t<\/div>\n\t\t\t\t<\/div>\n\t\t\t\t\t<\/div>\n\t\t\t\t<\/div>\n\t\t\t\t\t<\/div>\n\t\t<\/div>\n\t\t\t\t\t<\/div>\n\t\t<\/section>\n\t\t\t\t<\/div>\n\t\t","protected":false},"excerpt":{"rendered":"<p>Cennik Atrakcyjne ceny kurs\u00f3w i jazd doszkalaj\u0105cych. Wybierz pakiet dopasowany do siebie. ruszaj w drog\u0119 z &#8220;Ale Jazda&#8221;! 3300 z\u0142 Kurs kat. B Pe\u0142ny kurs obejmuj\u0105cy 30 godzin teorii i 30 godzin jazd praktycznych. Przygotowujemy Ci\u0119 kompleksowo do egzaminu na prawo jazdy, zapewniaj\u0105c profesjonalne wsparcie na ka\u017cdym etapie nauki. Janusz Ostrowski Instruktor Czas trwania 8&#8230;<\/p>\n","protected":false},"author":1,"featured_media":0,"parent":0,"menu_order":0,"comment_status":"closed","ping_status":"closed","template":"template-builder.php","meta":{"_monsterinsights_skip_tracking":false,"_monsterinsights_sitenote_active":false,"_monsterinsights_sitenote_note":"","_monsterinsights_sitenote_category":0,"footnotes":""},"class_list":["post-3333","page","type-page","status-publish","hentry","th-blog blog-single"],"_links":{"self":[{"href":"https:\/\/www.alejazda.info\/index.php?rest_route=\/wp\/v2\/pages\/3333","targetHints":{"allow":["GET"]}}],"collection":[{"href":"https:\/\/www.alejazda.info\/index.php?rest_route=\/wp\/v2\/pages"}],"about":[{"href":"https:\/\/www.alejazda.info\/index.php?rest_route=\/wp\/v2\/types\/page"}],"author":[{"embeddable":true,"href":"https:\/\/www.alejazda.info\/index.php?rest_route=\/wp\/v2\/users\/1"}],"replies":[{"embeddable":true,"href":"https:\/\/www.alejazda.info\/index.php?rest_route=%2Fwp%2Fv2%2Fcomments&post=3333"}],"version-history":[{"count":61,"href":"https:\/\/www.alejazda.info\/index.php?rest_route=\/wp\/v2\/pages\/3333\/revisions"}],"predecessor-version":[{"id":3881,"href":"https:\/\/www.alejazda.info\/index.php?rest_route=\/wp\/v2\/pages\/3333\/revisions\/3881"}],"wp:attachment":[{"href":"https:\/\/www.alejazda.info\/index.php?rest_route=%2Fwp%2Fv2%2Fmedia&parent=3333"}],"curies":[{"name":"wp","href":"https:\/\/api.w.org\/{rel}","templated":true}]}}